{"id":3357,"date":"2021-11-24T10:12:30","date_gmt":"2021-11-24T09:12:30","guid":{"rendered":"https:\/\/www.villa-panoramica-lanzarote.com\/lanzarote-infos\/"},"modified":"2022-12-19T14:39:24","modified_gmt":"2022-12-19T13:39:24","slug":"lanzarote-infos","status":"publish","type":"page","link":"https:\/\/www.villa-panoramica-lanzarote.com\/de\/lanzarote-infos\/","title":{"rendered":"Lanzarote Infos"},"content":{"rendered":"<div class=\"fusion-fullwidth fullwidth-box fusion-builder-row-1 fusion-flex-container nonhundred-percent-fullwidth non-hundred-percent-height-scrolling\" style=\"--link_hover_color: #d84a27;--link_color: #f55a2d;--awb-border-sizes-top:0px;--awb-border-sizes-bottom:0px;--awb-border-sizes-left:0px;--awb-border-sizes-right:0px;--awb-border-color:#e2e2e2;--awb-border-radius-top-left:0px;--awb-border-radius-top-right:0px;--awb-border-radius-bottom-right:0px;--awb-border-radius-bottom-left:0px;--awb-padding-top:0px;--awb-padding-right:30px;--awb-padding-bottom:60px;--awb-padding-left:30px;--awb-padding-top-small:30px;--awb-padding-bottom-small:30px;--awb-padding-left-small:30px;--awb-margin-top:0px;--awb-margin-bottom:0px;--awb-background-color:rgba(255,255,255,0);--awb-flex-wrap:wrap;\" ><div class=\"fusion-builder-row fusion-row fusion-flex-align-items-flex-start fusion-flex-content-wrap\" style=\"max-width:107%;margin-left: calc(-7% \/ 2 );margin-right: calc(-7% \/ 2 );\"><div class=\"fusion-layout-column fusion_builder_column fusion-builder-column-0 fusion_builder_column_1_1 1_1 fusion-flex-column fusion-flex-align-self-flex-end\" style=\"--awb-bg-image:url(&#039;https:\/\/www.villa-panoramica-lanzarote.com\/wp-content\/uploads\/2021\/12\/Strand-Playa-Blanca-Dorada-2500x1000-1.jpg&#039;);--awb-bg-position:center center;--awb-bg-size:cover;--awb-width-large:100%;--awb-margin-top-large:0px;--awb-spacing-right-large:0px;--awb-margin-bottom-large:0px;--awb-spacing-left-large:0px;--awb-width-medium:100%;--awb-order-medium:0;--awb-spacing-right-medium:0px;--awb-spacing-left-medium:0px;--awb-width-small:100%;--awb-order-small:0;--awb-spacing-right-small:3.255%;--awb-spacing-left-small:3.255%;\"><div class=\"fusion-column-wrapper fusion-column-has-shadow fusion-flex-justify-content-flex-end fusion-content-layout-column fusion-column-has-bg-image\" data-bg-url=\"https:\/\/www.villa-panoramica-lanzarote.com\/wp-content\/uploads\/2021\/12\/Strand-Playa-Blanca-Dorada-2500x1000-1.jpg\"><div class=\"fusion-separator fusion-full-width-sep\" style=\"align-self: center;margin-left: auto;margin-right: auto;margin-top:15%;margin-bottom:15%;width:100%;\"><\/div><\/div><\/div><div class=\"fusion-layout-column fusion_builder_column fusion-builder-column-1 fusion_builder_column_3_5 3_5 fusion-flex-column fusion-animated\" style=\"--awb-padding-top:20px;--awb-padding-right:70px;--awb-padding-left:70px;--awb-padding-top-small:0px;--awb-padding-right-small:0px;--awb-padding-left-small:0px;--awb-bg-color:#ffffff;--awb-bg-color-hover:#ffffff;--awb-bg-size:cover;--awb-width-large:60%;--awb-margin-top-large:-50px;--awb-spacing-right-large:5.425%;--awb-margin-bottom-large:0px;--awb-spacing-left-large:5.425%;--awb-width-medium:50%;--awb-order-medium:0;--awb-spacing-right-medium:6.51%;--awb-spacing-left-medium:6.51%;--awb-width-small:100%;--awb-order-small:1;--awb-margin-top-small:0;--awb-spacing-right-small:3.255%;--awb-margin-bottom-small:20px;--awb-spacing-left-small:3.255%;\" data-animationType=\"fadeInUp\" data-animationDuration=\"0.6\" data-animationOffset=\"top-into-view\"><div class=\"fusion-column-wrapper fusion-column-has-shadow fusion-flex-justify-content-flex-start fusion-content-layout-column\"><div class=\"fusion-title title fusion-title-1 fusion-sep-none fusion-title-center fusion-title-text fusion-title-size-two\" style=\"--awb-text-color:#373736;--awb-margin-top:20px;--awb-margin-bottom:20px;--awb-font-size:4em;\"><h2 class=\"fusion-title-heading title-heading-center\" style=\"margin:0;font-size:1em;letter-spacing:-0.036em;text-transform:none;line-height:1em;text-shadow:-4px 3px 2px rgba(55,55,54,0.2);\">Lanzarote Informationen<\/h2><\/div><div class=\"fusion-text fusion-text-1\" style=\"--awb-text-transform:none;\"><h3 style=\"text-align: center;\">Die sch\u00f6nsten Str\u00e4nde, besondere Orte und unterhaltsame Dinge zu tun!<\/h3>\n<\/div>\n<div class=\"table-1 21\" id=\"22\">\n<table width=\"100%\">\n<thead>\n<tr style=\"background-color: #ebeff2;\">\n<th align=\"left\">Monate<\/th>\n<th align=\"left\">Jan.<\/th>\n<th align=\"left\">Feb.<\/th>\n<th align=\"left\">Mar.<\/th>\n<th align=\"left\">Apr.<\/th>\n<th align=\"left\">Mai<\/th>\n<th align=\"left\">Jun.<\/th>\n<th align=\"left\">Jul.<\/th>\n<th align=\"left\">Aug.<\/th>\n<th align=\"left\">Sep.<\/th>\n<th align=\"left\">Okt.<\/th>\n<th align=\"left\">Nov.<\/th>\n<th align=\"left\">Dez.<\/th>\n<\/tr>\n<\/thead>\n<tbody>\n<tr style=\"background-color: #ffc1bf;\">\n<td align=\"left\">Max. Temp.<\/td>\n<td align=\"left\">20<\/td>\n<td align=\"left\">21<\/td>\n<td align=\"left\">22<\/td>\n<td align=\"left\">23<\/td>\n<td align=\"left\">24<\/td>\n<td align=\"left\">26<\/td>\n<td align=\"left\">28<\/td>\n<td align=\"left\">29<\/td>\n<td align=\"left\">29<\/td>\n<td align=\"left\">26<\/td>\n<td align=\"left\">24<\/td>\n<td align=\"left\">21<\/td>\n<\/tr>\n<tr style=\"background-color: #ffc782;\">\n<td align=\"left\">Min. Temp.<\/td>\n<td align=\"left\">15<\/td>\n<td align=\"left\">15<\/td>\n<td align=\"left\">16<\/td>\n<td align=\"left\">16<\/td>\n<td align=\"left\">16<\/td>\n<td align=\"left\">18<\/td>\n<td align=\"left\">20<\/td>\n<td align=\"left\">21<\/td>\n<td align=\"left\">21<\/td>\n<td align=\"left\">19<\/td>\n<td align=\"left\">17<\/td>\n<td align=\"left\">15<\/td>\n<\/tr>\n<tr style=\"background-color: #ffe054;\">\n<td align=\"left\">Sonnenstunden p.d.<\/td>\n<td align=\"left\">8<\/td>\n<td align=\"left\">9<\/td>\n<td align=\"left\">10<\/td>\n<td align=\"left\">11<\/td>\n<td align=\"left\">11<\/td>\n<td align=\"left\">11<\/td>\n<td align=\"left\">11<\/td>\n<td align=\"left\">10<\/td>\n<td align=\"left\">9<\/td>\n<td align=\"left\">9<\/td>\n<td align=\"left\">8<\/td>\n<td align=\"left\">8<\/td>\n<\/tr>\n<tr style=\"background-color: #9dadbd;\">\n<td align=\"left\">Regen-Tage<\/td>\n<td align=\"left\">6<\/td>\n<td align=\"left\">5<\/td>\n<td align=\"left\">5<\/td>\n<td align=\"left\">3<\/td>\n<td align=\"left\">0<\/td>\n<td align=\"left\">0<\/td>\n<td align=\"left\">0<\/td>\n<td align=\"left\">0<\/td>\n<td align=\"left\">0<\/td>\n<td align=\"left\">4<\/td>\n<td align=\"left\">5<\/td>\n<td align=\"left\">7<\/td>\n<\/tr>\n<tr style=\"background-color: #00a8d6;\">\n<td align=\"left\">Meerestemp.<\/td>\n<td align=\"left\">19<\/td>\n<td align=\"left\">18<\/td>\n<td align=\"left\">18<\/td>\n<td align=\"left\">19<\/td>\n<td align=\"left\">19<\/td>\n<td align=\"left\">21<\/td>\n<td align=\"left\">21<\/td>\n<td align=\"left\">22<\/td>\n<td align=\"left\">22<\/td>\n<td align=\"left\">22<\/td>\n<td align=\"left\">21<\/td>\n<td align=\"left\">20<\/td>\n<\/tr>\n<\/tbody>\n<\/table>\n<\/div>\n<\/div><\/div><div class=\"fusion-layout-column fusion_builder_column fusion-builder-column-2 fusion_builder_column_2_5 2_5 fusion-flex-column fusion-animated\" style=\"--awb-bg-size:cover;--awb-width-large:40%;--awb-margin-top-large:55px;--awb-spacing-right-large:8.1375%;--awb-margin-bottom-large:0px;--awb-spacing-left-large:8.1375%;--awb-width-medium:50%;--awb-order-medium:0;--awb-spacing-right-medium:6.51%;--awb-spacing-left-medium:6.51%;--awb-width-small:100%;--awb-order-small:1;--awb-margin-top-small:0px;--awb-spacing-right-small:3.255%;--awb-spacing-left-small:3.255%;\" data-animationType=\"fadeInRight\" data-animationDuration=\"1.3\" data-animationOffset=\"top-into-view\"><div class=\"fusion-column-wrapper fusion-column-has-shadow fusion-flex-justify-content-flex-start fusion-content-layout-column\"><div class=\"fusion-text fusion-text-2 fusion-text-no-margin\" style=\"--awb-font-size:16px;--awb-line-height:29px;--awb-letter-spacing:-0.01rem;--awb-text-transform:none;--awb-text-color:#000000;--awb-margin-bottom:40px;\"><p>Entdecken Sie LANZAROTE, eine EINZIGARTIGE Insel in der Gruppe der Kanarischen Inseln mit vielen einmalig sch\u00f6nen Orten und ihrem WILLKOMMENscharakter!<\/p>\n<p><strong>Auf der linken Seite k\u00f6nnen Sie das Klima von Lanzarote sehen, aber Achtung<\/strong>: <strong>die beschriebenen Temperaturen sind Schatten-Temperaturen!<\/strong> Auf Lanzarote verursacht die Sonne mindestens 5-7 Grad \u00fcber diesen angegebenen Schattentemperaturen!<\/p>\n<p>Der Hauptort Playa Blanca ist ein bl\u00fchendes und gesch\u00e4ftiges Fischerdorf. Neben den herrlichen Str\u00e4nden gibt es zahlreiche Gesch\u00e4fte, Superm\u00e4rkte, Apotheken, \u00c4rzte, Banken, Friseure sowie Restaurants und Bars in H\u00fclle und F\u00fclle. An den meisten Sonntagen findet ein Gottesdienst in der Kirche statt. Sie k\u00f6nnen hier auch Ausfl\u00fcge buchen, Wassertaxis zu den Str\u00e4nden von Papagayo und die F\u00e4hre nach Fuerteventura nehmen.<\/p>\n<p>Wassersportm\u00f6glichkeiten gibt es in H\u00fclle und F\u00fclle: Tauchen, Segeln, Angeln und Schnorcheln. Wenn Sie surfen wollen, ist Famara der beste Ort daf\u00fcr. Taxis sind sehr verbreitet und billig. Es gibt eine regelm\u00e4\u00dfige Busverbindung nach Playa Blanca sowie eine Busverbindung zu anderen Inselorten.<\/p>\n<p>Auf Lanzarote gibt es sehr viel zu sehen und zu erleben, was wir in diesem W\u00fcrfel nicht beschreiben k\u00f6nnen.<\/p>\n<p>Deshalb verweisen wir Sie auf diese sehr vollst\u00e4ndige Website mit allen Informationen \u00fcber die Insel ; <a href=\"http:\/\/allesoverlanzarote.nl\/\" target=\"_blank\" rel=\"noopener\">Lanzarote | alles \u00fcber Lanzarote<\/a><\/p>\n<p>Und dieser sch\u00f6ne Film \u00fcber die sch\u00f6nen Str\u00e4nde von Lanzarote in der N\u00e4he des Grundst\u00fccks in Yaiza:<\/p>\n<p><a href=\"https:\/\/www.youtube.com\/watch?v=AsyswdHGM_o\">Playa Blanca Lanzarote Spanien: Rundgang durch Strand und Ferienort &#8211; YouTube<\/a><\/p>\n<\/div><\/div><\/div><\/div><\/div>\n","protected":false},"excerpt":{"rendered":"","protected":false},"author":1,"featured_media":0,"parent":0,"menu_order":0,"comment_status":"closed","ping_status":"closed","template":"100-width.php","meta":{"footnotes":""},"class_list":["post-3357","page","type-page","status-publish","hentry"],"yoast_head":"<!-- This site is optimized with the Yoast SEO plugin v27.3 - https:\/\/yoast.com\/product\/yoast-seo-wordpress\/ -->\n<title>Lanzarote Infos - villa-panoramica-lanzarote.com<\/title>\n<meta name=\"robots\" content=\"index, follow, max-snippet:-1, max-image-preview:large, max-video-preview:-1\" \/>\n<link rel=\"canonical\" href=\"https:\/\/www.villa-panoramica-lanzarote.com\/de\/lanzarote-infos\/\" \/>\n<meta property=\"og:locale\" content=\"de_DE\" \/>\n<meta property=\"og:type\" content=\"article\" \/>\n<meta property=\"og:title\" content=\"Lanzarote Infos - villa-panoramica-lanzarote.com\" \/>\n<meta property=\"og:url\" content=\"https:\/\/www.villa-panoramica-lanzarote.com\/de\/lanzarote-infos\/\" \/>\n<meta property=\"og:site_name\" content=\"villa-panoramica-lanzarote.com\" \/>\n<meta property=\"article:modified_time\" content=\"2022-12-19T13:39:24+00:00\" \/>\n<meta name=\"twitter:card\" content=\"summary_large_image\" \/>\n<meta name=\"twitter:label1\" content=\"Gesch\u00e4tzte Lesezeit\" \/>\n\t<meta name=\"twitter:data1\" content=\"10\u00a0Minuten\" \/>\n<script type=\"application\/ld+json\" class=\"yoast-schema-graph\">{\"@context\":\"https:\\\/\\\/schema.org\",\"@graph\":[{\"@type\":\"WebPage\",\"@id\":\"https:\\\/\\\/www.villa-panoramica-lanzarote.com\\\/de\\\/lanzarote-infos\\\/\",\"url\":\"https:\\\/\\\/www.villa-panoramica-lanzarote.com\\\/de\\\/lanzarote-infos\\\/\",\"name\":\"Lanzarote Infos - villa-panoramica-lanzarote.com\",\"isPartOf\":{\"@id\":\"https:\\\/\\\/www.villa-panoramica-lanzarote.com\\\/#website\"},\"datePublished\":\"2021-11-24T09:12:30+00:00\",\"dateModified\":\"2022-12-19T13:39:24+00:00\",\"breadcrumb\":{\"@id\":\"https:\\\/\\\/www.villa-panoramica-lanzarote.com\\\/de\\\/lanzarote-infos\\\/#breadcrumb\"},\"inLanguage\":\"de\",\"potentialAction\":[{\"@type\":\"ReadAction\",\"target\":[\"https:\\\/\\\/www.villa-panoramica-lanzarote.com\\\/de\\\/lanzarote-infos\\\/\"]}]},{\"@type\":\"BreadcrumbList\",\"@id\":\"https:\\\/\\\/www.villa-panoramica-lanzarote.com\\\/de\\\/lanzarote-infos\\\/#breadcrumb\",\"itemListElement\":[{\"@type\":\"ListItem\",\"position\":1,\"name\":\"Home\",\"item\":\"https:\\\/\\\/www.villa-panoramica-lanzarote.com\\\/de\\\/home\\\/\"},{\"@type\":\"ListItem\",\"position\":2,\"name\":\"Lanzarote Infos\"}]},{\"@type\":\"WebSite\",\"@id\":\"https:\\\/\\\/www.villa-panoramica-lanzarote.com\\\/#website\",\"url\":\"https:\\\/\\\/www.villa-panoramica-lanzarote.com\\\/\",\"name\":\"villa-panoramica-lanzarote.com\",\"description\":\"De meest unieke villa van LANZAROTE!\",\"potentialAction\":[{\"@type\":\"SearchAction\",\"target\":{\"@type\":\"EntryPoint\",\"urlTemplate\":\"https:\\\/\\\/www.villa-panoramica-lanzarote.com\\\/?s={search_term_string}\"},\"query-input\":{\"@type\":\"PropertyValueSpecification\",\"valueRequired\":true,\"valueName\":\"search_term_string\"}}],\"inLanguage\":\"de\"}]}<\/script>\n<!-- \/ Yoast SEO plugin. -->","yoast_head_json":{"title":"Lanzarote Infos - villa-panoramica-lanzarote.com","robots":{"index":"index","follow":"follow","max-snippet":"max-snippet:-1","max-image-preview":"max-image-preview:large","max-video-preview":"max-video-preview:-1"},"canonical":"https:\/\/www.villa-panoramica-lanzarote.com\/de\/lanzarote-infos\/","og_locale":"de_DE","og_type":"article","og_title":"Lanzarote Infos - villa-panoramica-lanzarote.com","og_url":"https:\/\/www.villa-panoramica-lanzarote.com\/de\/lanzarote-infos\/","og_site_name":"villa-panoramica-lanzarote.com","article_modified_time":"2022-12-19T13:39:24+00:00","twitter_card":"summary_large_image","twitter_misc":{"Gesch\u00e4tzte Lesezeit":"10\u00a0Minuten"},"schema":{"@context":"https:\/\/schema.org","@graph":[{"@type":"WebPage","@id":"https:\/\/www.villa-panoramica-lanzarote.com\/de\/lanzarote-infos\/","url":"https:\/\/www.villa-panoramica-lanzarote.com\/de\/lanzarote-infos\/","name":"Lanzarote Infos - villa-panoramica-lanzarote.com","isPartOf":{"@id":"https:\/\/www.villa-panoramica-lanzarote.com\/#website"},"datePublished":"2021-11-24T09:12:30+00:00","dateModified":"2022-12-19T13:39:24+00:00","breadcrumb":{"@id":"https:\/\/www.villa-panoramica-lanzarote.com\/de\/lanzarote-infos\/#breadcrumb"},"inLanguage":"de","potentialAction":[{"@type":"ReadAction","target":["https:\/\/www.villa-panoramica-lanzarote.com\/de\/lanzarote-infos\/"]}]},{"@type":"BreadcrumbList","@id":"https:\/\/www.villa-panoramica-lanzarote.com\/de\/lanzarote-infos\/#breadcrumb","itemListElement":[{"@type":"ListItem","position":1,"name":"Home","item":"https:\/\/www.villa-panoramica-lanzarote.com\/de\/home\/"},{"@type":"ListItem","position":2,"name":"Lanzarote Infos"}]},{"@type":"WebSite","@id":"https:\/\/www.villa-panoramica-lanzarote.com\/#website","url":"https:\/\/www.villa-panoramica-lanzarote.com\/","name":"villa-panoramica-lanzarote.com","description":"De meest unieke villa van LANZAROTE!","potentialAction":[{"@type":"SearchAction","target":{"@type":"EntryPoint","urlTemplate":"https:\/\/www.villa-panoramica-lanzarote.com\/?s={search_term_string}"},"query-input":{"@type":"PropertyValueSpecification","valueRequired":true,"valueName":"search_term_string"}}],"inLanguage":"de"}]}},"_links":{"self":[{"href":"https:\/\/www.villa-panoramica-lanzarote.com\/de\/wp-json\/wp\/v2\/pages\/3357","targetHints":{"allow":["GET"]}}],"collection":[{"href":"https:\/\/www.villa-panoramica-lanzarote.com\/de\/wp-json\/wp\/v2\/pages"}],"about":[{"href":"https:\/\/www.villa-panoramica-lanzarote.com\/de\/wp-json\/wp\/v2\/types\/page"}],"author":[{"embeddable":true,"href":"https:\/\/www.villa-panoramica-lanzarote.com\/de\/wp-json\/wp\/v2\/users\/1"}],"replies":[{"embeddable":true,"href":"https:\/\/www.villa-panoramica-lanzarote.com\/de\/wp-json\/wp\/v2\/comments?post=3357"}],"version-history":[{"count":6,"href":"https:\/\/www.villa-panoramica-lanzarote.com\/de\/wp-json\/wp\/v2\/pages\/3357\/revisions"}],"predecessor-version":[{"id":3580,"href":"https:\/\/www.villa-panoramica-lanzarote.com\/de\/wp-json\/wp\/v2\/pages\/3357\/revisions\/3580"}],"wp:attachment":[{"href":"https:\/\/www.villa-panoramica-lanzarote.com\/de\/wp-json\/wp\/v2\/media?parent=3357"}],"curies":[{"name":"wp","href":"https:\/\/api.w.org\/{rel}","templated":true}]}}