{"id":3809,"date":"2023-02-16T11:27:26","date_gmt":"2023-02-16T10:27:26","guid":{"rendered":"https:\/\/www.villa-panoramica-lanzarote.com\/filme\/"},"modified":"2023-02-22T12:10:12","modified_gmt":"2023-02-22T11:10:12","slug":"filme","status":"publish","type":"page","link":"https:\/\/www.villa-panoramica-lanzarote.com\/de\/filme\/","title":{"rendered":"Filme"},"content":{"rendered":"<div class=\"fusion-fullwidth fullwidth-box fusion-builder-row-1 fusion-flex-container nonhundred-percent-fullwidth non-hundred-percent-height-scrolling\" style=\"--link_hover_color: #d84a27;--link_color: #f55a2d;--awb-border-sizes-top:0px;--awb-border-sizes-bottom:0px;--awb-border-sizes-left:0px;--awb-border-sizes-right:0px;--awb-border-color:#e2e2e2;--awb-border-radius-top-left:0px;--awb-border-radius-top-right:0px;--awb-border-radius-bottom-right:0px;--awb-border-radius-bottom-left:0px;--awb-padding-top:0px;--awb-padding-right:30px;--awb-padding-bottom:0px;--awb-padding-left:30px;--awb-padding-top-small:30px;--awb-padding-bottom-small:30px;--awb-padding-left-small:30px;--awb-margin-top:0px;--awb-margin-bottom:0px;--awb-background-color:rgba(255,255,255,0);--awb-flex-wrap:wrap;\" ><div class=\"fusion-builder-row fusion-row fusion-flex-align-items-flex-start fusion-flex-content-wrap\" style=\"max-width:107%;margin-left: calc(-7% \/ 2 );margin-right: calc(-7% \/ 2 );\"><div class=\"fusion-layout-column fusion_builder_column fusion-builder-column-0 fusion_builder_column_1_1 1_1 fusion-flex-column fusion-flex-align-self-flex-end\" style=\"--awb-bg-image:url(&#039;https:\/\/www.villa-panoramica-lanzarote.com\/wp-content\/uploads\/2023\/02\/Header-Filmpjes-2500x1000-1.jpg&#039;);--awb-bg-position:left center;--awb-bg-size:cover;--awb-width-large:100%;--awb-margin-top-large:0px;--awb-spacing-right-large:0px;--awb-margin-bottom-large:0px;--awb-spacing-left-large:0px;--awb-width-medium:100%;--awb-order-medium:0;--awb-spacing-right-medium:0px;--awb-spacing-left-medium:0px;--awb-width-small:100%;--awb-order-small:0;--awb-spacing-right-small:3.255%;--awb-spacing-left-small:3.255%;\"><div class=\"fusion-column-wrapper fusion-column-has-shadow fusion-flex-justify-content-flex-end fusion-content-layout-column fusion-column-has-bg-image\" data-bg-url=\"https:\/\/www.villa-panoramica-lanzarote.com\/wp-content\/uploads\/2023\/02\/Header-Filmpjes-2500x1000-1.jpg\"><div class=\"fusion-separator fusion-full-width-sep\" style=\"align-self: center;margin-left: auto;margin-right: auto;margin-top:15%;margin-bottom:15%;width:100%;\"><\/div><\/div><\/div><div class=\"fusion-layout-column fusion_builder_column fusion-builder-column-1 fusion_builder_column_3_5 3_5 fusion-flex-column fusion-animated\" style=\"--awb-padding-top:20px;--awb-padding-right:70px;--awb-padding-left:70px;--awb-padding-top-small:0px;--awb-padding-right-small:0px;--awb-padding-left-small:0px;--awb-bg-color:#ffffff;--awb-bg-color-hover:#ffffff;--awb-bg-size:cover;--awb-width-large:60%;--awb-margin-top-large:-50px;--awb-spacing-right-large:5.425%;--awb-margin-bottom-large:50px;--awb-spacing-left-large:5.425%;--awb-width-medium:50%;--awb-order-medium:0;--awb-spacing-right-medium:6.51%;--awb-spacing-left-medium:6.51%;--awb-width-small:100%;--awb-order-small:1;--awb-margin-top-small:0;--awb-spacing-right-small:3.255%;--awb-margin-bottom-small:20px;--awb-spacing-left-small:3.255%;\" data-animationType=\"fadeInUp\" data-animationDuration=\"0.6\" data-animationOffset=\"top-into-view\"><div class=\"fusion-column-wrapper fusion-column-has-shadow fusion-flex-justify-content-flex-start fusion-content-layout-column\"><div class=\"fusion-title title fusion-title-1 fusion-sep-none fusion-title-center fusion-title-text fusion-title-size-two\" style=\"--awb-text-color:#373736;--awb-margin-top:20px;--awb-margin-bottom:20px;--awb-font-size:4em;\"><h2 class=\"fusion-title-heading title-heading-center\" style=\"margin:0;font-size:1em;letter-spacing:-0.036em;text-transform:none;line-height:1em;text-shadow:-4px 3px 2px rgba(55,55,54,0.2);\">Sehen Sie sich die Villa auf unserem YouTube-Kanal an!<\/h2><\/div><div class=\"fusion-image-element \" style=\"--awb-caption-title-font-family:var(--h2_typography-font-family);--awb-caption-title-font-weight:var(--h2_typography-font-weight);--awb-caption-title-font-style:var(--h2_typography-font-style);--awb-caption-title-size:var(--h2_typography-font-size);--awb-caption-title-transform:var(--h2_typography-text-transform);--awb-caption-title-line-height:var(--h2_typography-line-height);--awb-caption-title-letter-spacing:var(--h2_typography-letter-spacing);\"><span class=\" fusion-imageframe imageframe-none imageframe-1 hover-type-none\"><img decoding=\"async\" width=\"1000\" height=\"594\" title=\"Scherm\u00adafbeelding-filmpjes-1000px\" src=\"https:\/\/www.villa-panoramica-lanzarote.com\/wp-content\/uploads\/2023\/02\/Scherm\u00adafbeelding-filmpjes-1000px-1.jpg\" alt class=\"img-responsive wp-image-3779\" srcset=\"https:\/\/www.villa-panoramica-lanzarote.com\/wp-content\/uploads\/2023\/02\/Scherm\u00adafbeelding-filmpjes-1000px-1-200x119.jpg 200w, https:\/\/www.villa-panoramica-lanzarote.com\/wp-content\/uploads\/2023\/02\/Scherm\u00adafbeelding-filmpjes-1000px-1-400x238.jpg 400w, https:\/\/www.villa-panoramica-lanzarote.com\/wp-content\/uploads\/2023\/02\/Scherm\u00adafbeelding-filmpjes-1000px-1-600x356.jpg 600w, https:\/\/www.villa-panoramica-lanzarote.com\/wp-content\/uploads\/2023\/02\/Scherm\u00adafbeelding-filmpjes-1000px-1-800x475.jpg 800w, https:\/\/www.villa-panoramica-lanzarote.com\/wp-content\/uploads\/2023\/02\/Scherm\u00adafbeelding-filmpjes-1000px-1.jpg 1000w\" sizes=\"(max-width: 640px) 100vw, 1000px\" \/><\/span><\/div><\/div><\/div><div class=\"fusion-layout-column fusion_builder_column fusion-builder-column-2 fusion_builder_column_2_5 2_5 fusion-flex-column fusion-animated\" style=\"--awb-bg-size:cover;--awb-width-large:40%;--awb-margin-top-large:50px;--awb-spacing-right-large:8.1375%;--awb-margin-bottom-large:50px;--awb-spacing-left-large:8.1375%;--awb-width-medium:50%;--awb-order-medium:0;--awb-spacing-right-medium:6.51%;--awb-spacing-left-medium:6.51%;--awb-width-small:100%;--awb-order-small:1;--awb-margin-top-small:0px;--awb-spacing-right-small:3.255%;--awb-spacing-left-small:3.255%;\" data-animationType=\"fadeInRight\" data-animationDuration=\"1.3\" data-animationOffset=\"top-into-view\"><div class=\"fusion-column-wrapper fusion-column-has-shadow fusion-flex-justify-content-flex-start fusion-content-layout-column\"><div class=\"fusion-text fusion-text-1\"><h5>Es gibt auch sch\u00f6ne Videos von Villa Panoramica, damit Sie sich ein noch besseres Bild von der Immobilie und ihrer Lage machen k\u00f6nnen. Sch\u00f6ne Videos vom Haus oder der Insel werden regelm\u00e4\u00dfig hinzugef\u00fcgt, melden Sie sich als Mitglied an und Sie bleiben auf dem Laufenden!<\/h5>\n<\/div><div class=\"fusion-separator fusion-full-width-sep\" style=\"align-self: center;margin-left: auto;margin-right: auto;margin-top:20px;margin-bottom:20px;width:100%;\"><\/div><div ><a class=\"fusion-button button-flat button-xlarge button-custom fusion-button-default button-1 fusion-button-span-yes fusion-button-default-type\" style=\"--button_accent_color:var(--awb-color7);--button_accent_hover_color:var(--awb-color7);--button_border_hover_color:#ffffff;--button_gradient_top_color:var(--awb-custom_color_1);--button_gradient_bottom_color:var(--awb-custom_color_1);--button_gradient_top_color_hover:#ffd000;--button_gradient_bottom_color_hover:#ffd000;\" target=\"_blank\" rel=\"noopener noreferrer\" href=\"https:\/\/www.youtube.com\/@lanzarote-panoramica\"><span class=\"fusion-button-icon-divider button-icon-divider-left\"><i class=\"fa-video fas\" aria-hidden=\"true\"><\/i><\/span><span class=\"fusion-button-text fusion-button-text-left\">Zu unserem YouTube-Kanal<\/span><\/a><\/div><\/div><\/div><\/div><\/div>\n","protected":false},"excerpt":{"rendered":"","protected":false},"author":5,"featured_media":0,"parent":0,"menu_order":0,"comment_status":"closed","ping_status":"closed","template":"100-width.php","meta":{"footnotes":""},"class_list":["post-3809","page","type-page","status-publish","hentry"],"yoast_head":"<!-- This site is optimized with the Yoast SEO plugin v27.3 - https:\/\/yoast.com\/product\/yoast-seo-wordpress\/ -->\n<title>Filme - villa-panoramica-lanzarote.com<\/title>\n<meta name=\"robots\" content=\"index, follow, max-snippet:-1, max-image-preview:large, max-video-preview:-1\" \/>\n<link rel=\"canonical\" href=\"https:\/\/www.villa-panoramica-lanzarote.com\/de\/filme\/\" \/>\n<meta property=\"og:locale\" content=\"de_DE\" \/>\n<meta property=\"og:type\" content=\"article\" \/>\n<meta property=\"og:title\" content=\"Filme - villa-panoramica-lanzarote.com\" \/>\n<meta property=\"og:url\" content=\"https:\/\/www.villa-panoramica-lanzarote.com\/de\/filme\/\" \/>\n<meta property=\"og:site_name\" content=\"villa-panoramica-lanzarote.com\" \/>\n<meta property=\"article:modified_time\" content=\"2023-02-22T11:10:12+00:00\" \/>\n<meta name=\"twitter:card\" content=\"summary_large_image\" \/>\n<meta name=\"twitter:label1\" content=\"Gesch\u00e4tzte Lesezeit\" \/>\n\t<meta name=\"twitter:data1\" content=\"12\u00a0Minuten\" \/>\n<script type=\"application\/ld+json\" class=\"yoast-schema-graph\">{\"@context\":\"https:\\\/\\\/schema.org\",\"@graph\":[{\"@type\":\"WebPage\",\"@id\":\"https:\\\/\\\/www.villa-panoramica-lanzarote.com\\\/de\\\/filme\\\/\",\"url\":\"https:\\\/\\\/www.villa-panoramica-lanzarote.com\\\/de\\\/filme\\\/\",\"name\":\"Filme - villa-panoramica-lanzarote.com\",\"isPartOf\":{\"@id\":\"https:\\\/\\\/www.villa-panoramica-lanzarote.com\\\/#website\"},\"datePublished\":\"2023-02-16T10:27:26+00:00\",\"dateModified\":\"2023-02-22T11:10:12+00:00\",\"breadcrumb\":{\"@id\":\"https:\\\/\\\/www.villa-panoramica-lanzarote.com\\\/de\\\/filme\\\/#breadcrumb\"},\"inLanguage\":\"de\",\"potentialAction\":[{\"@type\":\"ReadAction\",\"target\":[\"https:\\\/\\\/www.villa-panoramica-lanzarote.com\\\/de\\\/filme\\\/\"]}]},{\"@type\":\"BreadcrumbList\",\"@id\":\"https:\\\/\\\/www.villa-panoramica-lanzarote.com\\\/de\\\/filme\\\/#breadcrumb\",\"itemListElement\":[{\"@type\":\"ListItem\",\"position\":1,\"name\":\"Home\",\"item\":\"https:\\\/\\\/www.villa-panoramica-lanzarote.com\\\/de\\\/home\\\/\"},{\"@type\":\"ListItem\",\"position\":2,\"name\":\"Filme\"}]},{\"@type\":\"WebSite\",\"@id\":\"https:\\\/\\\/www.villa-panoramica-lanzarote.com\\\/#website\",\"url\":\"https:\\\/\\\/www.villa-panoramica-lanzarote.com\\\/\",\"name\":\"villa-panoramica-lanzarote.com\",\"description\":\"De meest unieke villa van LANZAROTE!\",\"potentialAction\":[{\"@type\":\"SearchAction\",\"target\":{\"@type\":\"EntryPoint\",\"urlTemplate\":\"https:\\\/\\\/www.villa-panoramica-lanzarote.com\\\/?s={search_term_string}\"},\"query-input\":{\"@type\":\"PropertyValueSpecification\",\"valueRequired\":true,\"valueName\":\"search_term_string\"}}],\"inLanguage\":\"de\"}]}<\/script>\n<!-- \/ Yoast SEO plugin. -->","yoast_head_json":{"title":"Filme - villa-panoramica-lanzarote.com","robots":{"index":"index","follow":"follow","max-snippet":"max-snippet:-1","max-image-preview":"max-image-preview:large","max-video-preview":"max-video-preview:-1"},"canonical":"https:\/\/www.villa-panoramica-lanzarote.com\/de\/filme\/","og_locale":"de_DE","og_type":"article","og_title":"Filme - villa-panoramica-lanzarote.com","og_url":"https:\/\/www.villa-panoramica-lanzarote.com\/de\/filme\/","og_site_name":"villa-panoramica-lanzarote.com","article_modified_time":"2023-02-22T11:10:12+00:00","twitter_card":"summary_large_image","twitter_misc":{"Gesch\u00e4tzte Lesezeit":"12\u00a0Minuten"},"schema":{"@context":"https:\/\/schema.org","@graph":[{"@type":"WebPage","@id":"https:\/\/www.villa-panoramica-lanzarote.com\/de\/filme\/","url":"https:\/\/www.villa-panoramica-lanzarote.com\/de\/filme\/","name":"Filme - villa-panoramica-lanzarote.com","isPartOf":{"@id":"https:\/\/www.villa-panoramica-lanzarote.com\/#website"},"datePublished":"2023-02-16T10:27:26+00:00","dateModified":"2023-02-22T11:10:12+00:00","breadcrumb":{"@id":"https:\/\/www.villa-panoramica-lanzarote.com\/de\/filme\/#breadcrumb"},"inLanguage":"de","potentialAction":[{"@type":"ReadAction","target":["https:\/\/www.villa-panoramica-lanzarote.com\/de\/filme\/"]}]},{"@type":"BreadcrumbList","@id":"https:\/\/www.villa-panoramica-lanzarote.com\/de\/filme\/#breadcrumb","itemListElement":[{"@type":"ListItem","position":1,"name":"Home","item":"https:\/\/www.villa-panoramica-lanzarote.com\/de\/home\/"},{"@type":"ListItem","position":2,"name":"Filme"}]},{"@type":"WebSite","@id":"https:\/\/www.villa-panoramica-lanzarote.com\/#website","url":"https:\/\/www.villa-panoramica-lanzarote.com\/","name":"villa-panoramica-lanzarote.com","description":"De meest unieke villa van LANZAROTE!","potentialAction":[{"@type":"SearchAction","target":{"@type":"EntryPoint","urlTemplate":"https:\/\/www.villa-panoramica-lanzarote.com\/?s={search_term_string}"},"query-input":{"@type":"PropertyValueSpecification","valueRequired":true,"valueName":"search_term_string"}}],"inLanguage":"de"}]}},"_links":{"self":[{"href":"https:\/\/www.villa-panoramica-lanzarote.com\/de\/wp-json\/wp\/v2\/pages\/3809","targetHints":{"allow":["GET"]}}],"collection":[{"href":"https:\/\/www.villa-panoramica-lanzarote.com\/de\/wp-json\/wp\/v2\/pages"}],"about":[{"href":"https:\/\/www.villa-panoramica-lanzarote.com\/de\/wp-json\/wp\/v2\/types\/page"}],"author":[{"embeddable":true,"href":"https:\/\/www.villa-panoramica-lanzarote.com\/de\/wp-json\/wp\/v2\/users\/5"}],"replies":[{"embeddable":true,"href":"https:\/\/www.villa-panoramica-lanzarote.com\/de\/wp-json\/wp\/v2\/comments?post=3809"}],"version-history":[{"count":3,"href":"https:\/\/www.villa-panoramica-lanzarote.com\/de\/wp-json\/wp\/v2\/pages\/3809\/revisions"}],"predecessor-version":[{"id":3815,"href":"https:\/\/www.villa-panoramica-lanzarote.com\/de\/wp-json\/wp\/v2\/pages\/3809\/revisions\/3815"}],"wp:attachment":[{"href":"https:\/\/www.villa-panoramica-lanzarote.com\/de\/wp-json\/wp\/v2\/media?parent=3809"}],"curies":[{"name":"wp","href":"https:\/\/api.w.org\/{rel}","templated":true}]}}